{"id":137,"date":"2025-04-07T12:08:01","date_gmt":"2025-04-07T15:08:01","guid":{"rendered":"https:\/\/flexoshopping.com.br\/loja\/?post_type=product&#038;p=137"},"modified":"2025-04-07T16:16:20","modified_gmt":"2025-04-07T19:16:20","slug":"escova-aco-inox-e-cabo-plastico-limpeza-de-anilox","status":"publish","type":"product","link":"https:\/\/flexoshopping.com.br\/loja\/product\/escova-aco-inox-e-cabo-plastico-limpeza-de-anilox\/","title":{"rendered":"Escova &#8211; A\u00e7o Inox E Cabo Pl\u00e1stico &#8211; Limpeza De Anilox"},"content":{"rendered":"<p>Com cerdas com fio 0,08mm de espessura proporcionando maior efici\u00eancia. Cont\u00e9m um tratamento na superf\u00edcie das cerdas proporcionado uma regularidade e sem rebarbas objetivando n\u00e3o agredir o cilindro ANILOX . Alta durabilidade devido a qualidade das Cerdas de Inox e Cabo Pl\u00e1stico.<\/p>\n","protected":false},"excerpt":{"rendered":"<p>ESCOVA COM CERDAS DE A\u00c7O INOX<br \/>\n(indicada para cilindros ANILOX cer\u00e2micos)<\/p>\n","protected":false},"featured_media":207,"template":"","meta":[],"product_brand":[],"product_cat":[15],"product_tag":[],"class_list":{"0":"post-137","1":"product","2":"type-product","3":"status-publish","4":"has-post-thumbnail","6":"product_cat-consumo","8":"first","9":"instock","10":"sale","11":"shipping-taxable","12":"purchasable","13":"product-type-simple"},"_links":{"self":[{"href":"https:\/\/flexoshopping.com.br\/loja\/wp-json\/wp\/v2\/product\/137","targetHints":{"allow":["GET"]}}],"collection":[{"href":"https:\/\/flexoshopping.com.br\/loja\/wp-json\/wp\/v2\/product"}],"about":[{"href":"https:\/\/flexoshopping.com.br\/loja\/wp-json\/wp\/v2\/types\/product"}],"wp:featuredmedia":[{"embeddable":true,"href":"https:\/\/flexoshopping.com.br\/loja\/wp-json\/wp\/v2\/media\/207"}],"wp:attachment":[{"href":"https:\/\/flexoshopping.com.br\/loja\/wp-json\/wp\/v2\/media?parent=137"}],"wp:term":[{"taxonomy":"product_brand","embeddable":true,"href":"https:\/\/flexoshopping.com.br\/loja\/wp-json\/wp\/v2\/product_brand?post=137"},{"taxonomy":"product_cat","embeddable":true,"href":"https:\/\/flexoshopping.com.br\/loja\/wp-json\/wp\/v2\/product_cat?post=137"},{"taxonomy":"product_tag","embeddable":true,"href":"https:\/\/flexoshopping.com.br\/loja\/wp-json\/wp\/v2\/product_tag?post=137"}],"curies":[{"name":"wp","href":"https:\/\/api.w.org\/{rel}","templated":true}]}}