{"id":219,"date":"2025-04-07T20:09:23","date_gmt":"2025-04-07T23:09:23","guid":{"rendered":"https:\/\/flexoshopping.com.br\/loja\/?post_type=product&#038;p=219"},"modified":"2025-06-11T16:24:12","modified_gmt":"2025-06-11T19:24:12","slug":"viscosimetro-zanh-2","status":"publish","type":"product","link":"https:\/\/flexoshopping.com.br\/loja\/product\/viscosimetro-zanh-2\/","title":{"rendered":"Viscos\u00edmetro Zanh 2"},"content":{"rendered":"<p>Simplesmente o melhor! Produzido em a\u00e7o e calibrado. Alta precis\u00e3o para medir a viscosidade das tintas l\u00edquidas de flexografia e rotogravura.\u00a0<strong>Temos Zanh 2, 3<\/strong><\/p>\n","protected":false},"excerpt":{"rendered":"<p>Simplesmente o melhor! <strong>Temos tamb\u00e9m Zanh 2, 3<\/strong><\/p>\n","protected":false},"featured_media":221,"template":"","meta":[],"product_brand":[],"product_cat":[15],"product_tag":[],"class_list":{"0":"post-219","1":"product","2":"type-product","3":"status-publish","4":"has-post-thumbnail","6":"product_cat-consumo","8":"first","9":"instock","10":"sale","11":"featured","12":"shipping-taxable","13":"purchasable","14":"product-type-simple"},"_links":{"self":[{"href":"https:\/\/flexoshopping.com.br\/loja\/wp-json\/wp\/v2\/product\/219","targetHints":{"allow":["GET"]}}],"collection":[{"href":"https:\/\/flexoshopping.com.br\/loja\/wp-json\/wp\/v2\/product"}],"about":[{"href":"https:\/\/flexoshopping.com.br\/loja\/wp-json\/wp\/v2\/types\/product"}],"wp:featuredmedia":[{"embeddable":true,"href":"https:\/\/flexoshopping.com.br\/loja\/wp-json\/wp\/v2\/media\/221"}],"wp:attachment":[{"href":"https:\/\/flexoshopping.com.br\/loja\/wp-json\/wp\/v2\/media?parent=219"}],"wp:term":[{"taxonomy":"product_brand","embeddable":true,"href":"https:\/\/flexoshopping.com.br\/loja\/wp-json\/wp\/v2\/product_brand?post=219"},{"taxonomy":"product_cat","embeddable":true,"href":"https:\/\/flexoshopping.com.br\/loja\/wp-json\/wp\/v2\/product_cat?post=219"},{"taxonomy":"product_tag","embeddable":true,"href":"https:\/\/flexoshopping.com.br\/loja\/wp-json\/wp\/v2\/product_tag?post=219"}],"curies":[{"name":"wp","href":"https:\/\/api.w.org\/{rel}","templated":true}]}}