{"id":8855,"date":"2025-04-07T22:31:14","date_gmt":"2025-04-08T01:31:14","guid":{"rendered":"https:\/\/flexoshopping.com.br\/loja\/?post_type=product&#038;p=8855"},"modified":"2025-04-09T12:24:08","modified_gmt":"2025-04-09T15:24:08","slug":"extensor-bird-40-micra","status":"publish","type":"product","link":"https:\/\/flexoshopping.com.br\/loja\/product\/extensor-bird-40-micra\/","title":{"rendered":"Extensor BIRD 40 micra"},"content":{"rendered":"<p>O Extensor BIRD 40 micra \u00e9 um instrumento de precis\u00e3o utilizado em laborat\u00f3rios para aplica\u00e7\u00e3o de tintas sobre vidro com espessura pr\u00e9-determinada. Ele \u00e9 projetado para observar par\u00e2metros como colora\u00e7\u00e3o e tempo de secagem, sendo amplamente utilizado em processos de flexografia e rotogravura.<\/p>\n<p>Fabricado em a\u00e7o inoxid\u00e1vel, o extensor possui alta durabilidade e segue normas rigorosas como ASTM D 3258 e ISO 24313.<\/p>\n<p>Para utiliz\u00e1-lo, \u00e9 necess\u00e1rio homogeneizar a tinta ou verniz antes do teste, posicionar o extensor sobre a placa de vidro, aplicar a tinta e medir o tempo de secagem com um cron\u00f4metro.<\/p>\n","protected":false},"excerpt":{"rendered":"<p>Usado para verifica\u00e7\u00e3o da secagem das tintas de flexografia e rotogravura.<\/p>\n","protected":false},"featured_media":8856,"template":"","meta":[],"product_brand":[],"product_cat":[121],"product_tag":[],"class_list":{"0":"post-8855","1":"product","2":"type-product","3":"status-publish","4":"has-post-thumbnail","6":"product_cat-instrumentos","8":"first","9":"instock","10":"featured","11":"shipping-taxable","12":"purchasable","13":"product-type-simple"},"_links":{"self":[{"href":"https:\/\/flexoshopping.com.br\/loja\/wp-json\/wp\/v2\/product\/8855","targetHints":{"allow":["GET"]}}],"collection":[{"href":"https:\/\/flexoshopping.com.br\/loja\/wp-json\/wp\/v2\/product"}],"about":[{"href":"https:\/\/flexoshopping.com.br\/loja\/wp-json\/wp\/v2\/types\/product"}],"wp:featuredmedia":[{"embeddable":true,"href":"https:\/\/flexoshopping.com.br\/loja\/wp-json\/wp\/v2\/media\/8856"}],"wp:attachment":[{"href":"https:\/\/flexoshopping.com.br\/loja\/wp-json\/wp\/v2\/media?parent=8855"}],"wp:term":[{"taxonomy":"product_brand","embeddable":true,"href":"https:\/\/flexoshopping.com.br\/loja\/wp-json\/wp\/v2\/product_brand?post=8855"},{"taxonomy":"product_cat","embeddable":true,"href":"https:\/\/flexoshopping.com.br\/loja\/wp-json\/wp\/v2\/product_cat?post=8855"},{"taxonomy":"product_tag","embeddable":true,"href":"https:\/\/flexoshopping.com.br\/loja\/wp-json\/wp\/v2\/product_tag?post=8855"}],"curies":[{"name":"wp","href":"https:\/\/api.w.org\/{rel}","templated":true}]}}