{"id":8858,"date":"2025-04-07T22:38:37","date_gmt":"2025-04-08T01:38:37","guid":{"rendered":"https:\/\/flexoshopping.com.br\/loja\/?post_type=product&#038;p=8858"},"modified":"2025-04-07T23:15:10","modified_gmt":"2025-04-08T02:15:10","slug":"disco-de-aco-com-haste-para-agitador-de-laboratorio","status":"publish","type":"product","link":"https:\/\/flexoshopping.com.br\/loja\/product\/disco-de-aco-com-haste-para-agitador-de-laboratorio\/","title":{"rendered":"Disco de A\u00e7o com Haste para Agitador de Laborat\u00f3rio"},"content":{"rendered":"<p>Disco de dispers\u00e3o de 5cm: com o tamanho da haste de agita\u00e7\u00e3o \u00e9 8x250mm.<br \/>\nEspecifica\u00e7\u00e3o: Item: disco de dispers\u00e3o com haste Material: a\u00e7o inoxid\u00e1vel 304<\/p>\n<p>Itens: 1 conjunto = 1 disco de pe\u00e7a 1 haste de pe\u00e7a um par de parafusos<\/p>\n<p>Recurso do produto: O disco de dispers\u00e3o e a haste de agita\u00e7\u00e3o s\u00e3o todos feitos de a\u00e7o inoxid\u00e1vel 304.\u00a0A superf\u00edcie do disco de dispers\u00e3o \u00e9 polida. A superf\u00edcie da haste de agita\u00e7\u00e3o \u00e9 polida e a porca usada para segurar a p\u00e1 de dispers\u00e3o \u00e9 de 304 porca de flange, com grande \u00e1rea de fixa\u00e7\u00e3o e bom desempenho de equil\u00edbrio.<\/p>\n","protected":false},"excerpt":{"rendered":"<p>Disco de dispers\u00e3o com haste Material: a\u00e7o inoxid\u00e1vel 304<\/p>\n","protected":false},"featured_media":8863,"template":"","meta":[],"product_brand":[],"product_cat":[121],"product_tag":[],"class_list":{"0":"post-8858","1":"product","2":"type-product","3":"status-publish","4":"has-post-thumbnail","6":"product_cat-instrumentos","8":"first","9":"instock","10":"shipping-taxable","11":"purchasable","12":"product-type-simple"},"_links":{"self":[{"href":"https:\/\/flexoshopping.com.br\/loja\/wp-json\/wp\/v2\/product\/8858","targetHints":{"allow":["GET"]}}],"collection":[{"href":"https:\/\/flexoshopping.com.br\/loja\/wp-json\/wp\/v2\/product"}],"about":[{"href":"https:\/\/flexoshopping.com.br\/loja\/wp-json\/wp\/v2\/types\/product"}],"wp:featuredmedia":[{"embeddable":true,"href":"https:\/\/flexoshopping.com.br\/loja\/wp-json\/wp\/v2\/media\/8863"}],"wp:attachment":[{"href":"https:\/\/flexoshopping.com.br\/loja\/wp-json\/wp\/v2\/media?parent=8858"}],"wp:term":[{"taxonomy":"product_brand","embeddable":true,"href":"https:\/\/flexoshopping.com.br\/loja\/wp-json\/wp\/v2\/product_brand?post=8858"},{"taxonomy":"product_cat","embeddable":true,"href":"https:\/\/flexoshopping.com.br\/loja\/wp-json\/wp\/v2\/product_cat?post=8858"},{"taxonomy":"product_tag","embeddable":true,"href":"https:\/\/flexoshopping.com.br\/loja\/wp-json\/wp\/v2\/product_tag?post=8858"}],"curies":[{"name":"wp","href":"https:\/\/api.w.org\/{rel}","templated":true}]}}