{"id":8860,"date":"2025-04-07T22:42:04","date_gmt":"2025-04-08T01:42:04","guid":{"rendered":"https:\/\/flexoshopping.com.br\/loja\/?post_type=product&#038;p=8860"},"modified":"2025-04-07T23:14:03","modified_gmt":"2025-04-08T02:14:03","slug":"lupa-conta-fios-5x-metal-escala-bolsa-led","status":"publish","type":"product","link":"https:\/\/flexoshopping.com.br\/loja\/product\/lupa-conta-fios-5x-metal-escala-bolsa-led\/","title":{"rendered":"Lupa Conta-fios 5x Metal\/Escala\/ Bolsa\/Led"},"content":{"rendered":"<p>Esse \u00e9 o tradicional conta-fios, com estrutura em metal, leds branco (vai com baterias) e escalas em mil\u00edmetros e polegadas. Tamb\u00e9m \u00e9 dobr\u00e1vel para poder guardar ou transportar no bolso. Acompanha bolsa.<\/p>\n<p>Especifica\u00e7\u00f5es:<br \/>\nBateria: 3x LR927 (inclu\u00eddo)<br \/>\nMaterial: metal e vidro<br \/>\nTamanho: 55*33*22mm<br \/>\nCor: preto<\/p>\n","protected":false},"excerpt":{"rendered":"<p>Conta-fios, com estrutura em metal e ilumina\u00e7\u00e3o LED<\/p>\n","protected":false},"featured_media":8862,"template":"","meta":[],"product_brand":[],"product_cat":[121],"product_tag":[],"class_list":{"0":"post-8860","1":"product","2":"type-product","3":"status-publish","4":"has-post-thumbnail","6":"product_cat-instrumentos","8":"first","9":"instock","10":"sale","11":"shipping-taxable","12":"purchasable","13":"product-type-simple"},"_links":{"self":[{"href":"https:\/\/flexoshopping.com.br\/loja\/wp-json\/wp\/v2\/product\/8860","targetHints":{"allow":["GET"]}}],"collection":[{"href":"https:\/\/flexoshopping.com.br\/loja\/wp-json\/wp\/v2\/product"}],"about":[{"href":"https:\/\/flexoshopping.com.br\/loja\/wp-json\/wp\/v2\/types\/product"}],"wp:featuredmedia":[{"embeddable":true,"href":"https:\/\/flexoshopping.com.br\/loja\/wp-json\/wp\/v2\/media\/8862"}],"wp:attachment":[{"href":"https:\/\/flexoshopping.com.br\/loja\/wp-json\/wp\/v2\/media?parent=8860"}],"wp:term":[{"taxonomy":"product_brand","embeddable":true,"href":"https:\/\/flexoshopping.com.br\/loja\/wp-json\/wp\/v2\/product_brand?post=8860"},{"taxonomy":"product_cat","embeddable":true,"href":"https:\/\/flexoshopping.com.br\/loja\/wp-json\/wp\/v2\/product_cat?post=8860"},{"taxonomy":"product_tag","embeddable":true,"href":"https:\/\/flexoshopping.com.br\/loja\/wp-json\/wp\/v2\/product_tag?post=8860"}],"curies":[{"name":"wp","href":"https:\/\/api.w.org\/{rel}","templated":true}]}}