{"id":8864,"date":"2025-04-07T22:53:00","date_gmt":"2025-04-08T01:53:00","guid":{"rendered":"https:\/\/flexoshopping.com.br\/loja\/?post_type=product&#038;p=8864"},"modified":"2025-04-07T23:13:17","modified_gmt":"2025-04-08T02:13:17","slug":"colorimetro-portatil-delta-e-para-impressos","status":"publish","type":"product","link":"https:\/\/flexoshopping.com.br\/loja\/product\/colorimetro-portatil-delta-e-para-impressos\/","title":{"rendered":"Color\u00edmetro Port\u00e1til DELTA E para impressos"},"content":{"rendered":"<ul>\n<li><strong>Visualiza\u00e7\u00e3o Clara e Intuitiva<\/strong><br \/>\nO LS172 \u00e9 um color\u00edmetro port\u00e1til equipado com uma tela sens\u00edvel ao toque capacitiva de <strong>3,5 polegadas IPS<\/strong>. A interface colorida torna a experi\u00eancia de uso mais fluida e agrad\u00e1vel, garantindo leitura precisa em qualquer ambiente.<\/li>\n<li><strong>Precis\u00e3o \u00d3ptica Profissional<\/strong><br \/>\nCom design \u00f3ptico de <strong>45\u00b0\/0\u00b0<\/strong>, o LS172 proporciona resultados consistentes e confi\u00e1veis, sendo a escolha ideal para setores de <strong>embalagens, impress\u00e3o e controle de qualidade<\/strong>.<\/li>\n<li><strong>Medir e Comparar em Segundos<\/strong><br \/>\nRealize medi\u00e7\u00f5es e compara\u00e7\u00f5es de cor de forma r\u00e1pida e f\u00e1cil em <strong>apenas dois passos<\/strong>. Basta posicionar o aparelho e obter a diferen\u00e7a de cor instantaneamente.<\/li>\n<li><strong>Biblioteca de Cores na Palma da M\u00e3o<\/strong><br \/>\nO Color\u00edmetro Port\u00e1til vem com <strong>Cat\u00e1logos de cor eletr\u00f4nicos integrados, incluindo o PANTONE na vers\u00e3o mais recente<\/strong>. Ao medir, ele indica os <strong>tr\u00eas tons mais pr\u00f3ximos<\/strong>, facilitando a busca pela cor perfeita.<\/li>\n<li><strong>Fun\u00e7\u00e3o QC \u2013 Inspe\u00e7\u00e3o R\u00e1pida e Eficiente<\/strong><br \/>\nA fun\u00e7\u00e3o de <strong>Controle de Qualidade (QC)<\/strong> permite realizar inspe\u00e7\u00f5es em lote, agilizando o processo e garantindo <strong>padroniza\u00e7\u00e3o e efici\u00eancia<\/strong>.<\/li>\n<li><strong>Conectividade Total<\/strong><br \/>\nUse o Color\u00edmetro Port\u00e1til com aplicativos m\u00f3veis e software para PC. Exporte e compartilhe resultados de forma r\u00e1pida e em diversos formatos.<\/li>\n<li><strong>Certifica\u00e7\u00e3o e Confiabilidade<\/strong><br \/>\nCertificado pelo <strong>CE<\/strong>, o Color\u00edmetro Port\u00e1til \u00e9 testado por organiza\u00e7\u00f5es de metrologia renomadas, garantindo precis\u00e3o e durabilidade.<\/p>\n<p><img loading=\"lazy\" decoding=\"async\" class=\"alignleft wp-image-8866 size-full\" src=\"https:\/\/flexoshopping.com.br\/loja\/wp-content\/uploads\/2025\/04\/frefr.jpg\" alt=\"\" width=\"948\" height=\"695\" srcset=\"https:\/\/flexoshopping.com.br\/loja\/wp-content\/uploads\/2025\/04\/frefr.jpg 948w, https:\/\/flexoshopping.com.br\/loja\/wp-content\/uploads\/2025\/04\/frefr-300x220.jpg 300w, https:\/\/flexoshopping.com.br\/loja\/wp-content\/uploads\/2025\/04\/frefr-768x563.jpg 768w, https:\/\/flexoshopping.com.br\/loja\/wp-content\/uploads\/2025\/04\/frefr-600x440.jpg 600w\" sizes=\"auto, (max-width: 948px) 100vw, 948px\" \/><\/li>\n<\/ul>\n","protected":false},"excerpt":{"rendered":"<p>Garanta mais precis\u00e3o e agilidade na medi\u00e7\u00e3o de cores em seus impressos com o Color\u00edmetro Port\u00e1til!<\/p>\n","protected":false},"featured_media":8867,"template":"","meta":[],"product_brand":[],"product_cat":[121],"product_tag":[],"class_list":{"0":"post-8864","1":"product","2":"type-product","3":"status-publish","4":"has-post-thumbnail","6":"product_cat-instrumentos","8":"first","9":"instock","10":"sale","11":"shipping-taxable","12":"purchasable","13":"product-type-simple"},"_links":{"self":[{"href":"https:\/\/flexoshopping.com.br\/loja\/wp-json\/wp\/v2\/product\/8864","targetHints":{"allow":["GET"]}}],"collection":[{"href":"https:\/\/flexoshopping.com.br\/loja\/wp-json\/wp\/v2\/product"}],"about":[{"href":"https:\/\/flexoshopping.com.br\/loja\/wp-json\/wp\/v2\/types\/product"}],"wp:featuredmedia":[{"embeddable":true,"href":"https:\/\/flexoshopping.com.br\/loja\/wp-json\/wp\/v2\/media\/8867"}],"wp:attachment":[{"href":"https:\/\/flexoshopping.com.br\/loja\/wp-json\/wp\/v2\/media?parent=8864"}],"wp:term":[{"taxonomy":"product_brand","embeddable":true,"href":"https:\/\/flexoshopping.com.br\/loja\/wp-json\/wp\/v2\/product_brand?post=8864"},{"taxonomy":"product_cat","embeddable":true,"href":"https:\/\/flexoshopping.com.br\/loja\/wp-json\/wp\/v2\/product_cat?post=8864"},{"taxonomy":"product_tag","embeddable":true,"href":"https:\/\/flexoshopping.com.br\/loja\/wp-json\/wp\/v2\/product_tag?post=8864"}],"curies":[{"name":"wp","href":"https:\/\/api.w.org\/{rel}","templated":true}]}}