{"id":8880,"date":"2025-04-08T11:57:07","date_gmt":"2025-04-08T14:57:07","guid":{"rendered":"https:\/\/flexoshopping.com.br\/loja\/?post_type=product&#038;p=8880"},"modified":"2025-04-08T12:02:39","modified_gmt":"2025-04-08T15:02:39","slug":"colorimetro-digital-portatil-com-app","status":"publish","type":"product","link":"https:\/\/flexoshopping.com.br\/loja\/product\/colorimetro-digital-portatil-com-app\/","title":{"rendered":"Color\u00edmetro Digital Port\u00e1til com APP celular"},"content":{"rendered":"<ol>\n<li>Obtenha uma qualidade de cor est\u00e1vel com a aa da fun\u00e7\u00e3o de teste de QC ao medir a diferen\u00e7a de cor, depois de personalizar o limite de diferen\u00e7a de cor (valor de toler\u00e2ncia), ele pode automaticamente se a diferen\u00e7a de cor \u00e9 qualificada. O color\u00edmetro port\u00e1til tamb\u00e9m mostrar\u00e1 a proje\u00e7\u00e3o de cores direta.<\/li>\n<li>Podemos inserir os valores Lab, LCh da cor padr\u00e3o na interface de compara\u00e7\u00e3o de cores e medir a cor padr\u00e3o e salv\u00e1-la no aplicativo color\u00edmetro. A cor padr\u00e3o tamb\u00e9m pode ser adicada a partir da tabela de cores pessoal e da tabela de cores padr\u00e3o sem o padr\u00e3o e a amostra.<br \/>\nTeste de controle de qualidade com color\u00edmetro port\u00e1til.<\/li>\n<li>Colete cores favoritas a qualquer hora e em qualquer lugar. Ele pode combinar de forma intelinte v\u00e1rios gr\u00e1ficos de cores padr\u00e3o e a precis\u00e3o de correspond\u00eancia dos gr\u00e1ficos de cores \u00e9 superior a 90%. A interface do APP m\u00f3vel pode restaurar diretamente as cores coletadas. Antes de fazer a medi\u00e7\u00e3o de cores, podemos selecar primeiro a cartela de cores que precisamos, como a cartela de cores Pantone.<\/li>\n<li>Uma grande quantidade de cores pode ser armazenada no aplicativo m\u00f3vel, n\u00e3o h\u00e1 necessidade de carregar cart\u00f5es coloridos pesados.<\/li>\n<li>Importe e exporte dados de cores via QQ, WeChat, e-mail e outros softwares.<br \/>\ncompartilhamento de cores com amigos.<\/li>\n<li>O instrumento possui 7 espa\u00e7os de cores e 6 f\u00f3rmulas de diferen\u00e7a de cores que fornecem medi\u00e7\u00e3o e compara\u00e7\u00f5es de cores para diferentes setores. Espa\u00e7os de cores e f\u00f3rmulas de cores.<\/li>\n<li>Tamanho pequeno, pode ser segurado com uma m\u00e3o, port\u00e1til.<\/li>\n<li>Com tela OLED, pode ser usado sozinho ou com APP de celular (suporte chin\u00eas e ingl\u00eas).<\/li>\n<li>A bateria de l\u00edtio embutida torna-o mais seguro e conveniente de usar. Ele pode medir continuamente 10.000 vezes com pot\u00eancia total.<\/li>\n<li>na medi\u00e7\u00e3o de cores e identifica\u00e7\u00e3o de diferen\u00e7a de cores, com repetibilidade E*ab n\u00e3o superior a 0,03.<\/li>\n<li>N\u00e3o h\u00e1 necessidade de calibra\u00e7\u00e3o de placa em preto e branco e o caminho de luz de compensa\u00e7\u00e3o integrado garante dados de medi\u00e7\u00e3o est\u00e1veis sem calibra\u00e7\u00e3o frequente.<br \/>\nplaca de calibra\u00e7\u00e3o branca.<\/li>\n<\/ol>\n","protected":false},"excerpt":{"rendered":"<p>Color\u00edmetro Port\u00e1til com aplicativo no celular para medi\u00e7\u00e3o de diferen\u00e7a de cor (DELTA E)<\/p>\n","protected":false},"featured_media":8883,"template":"","meta":[],"product_brand":[],"product_cat":[121],"product_tag":[],"class_list":{"0":"post-8880","1":"product","2":"type-product","3":"status-publish","4":"has-post-thumbnail","6":"product_cat-instrumentos","8":"first","9":"instock","10":"shipping-taxable","11":"purchasable","12":"product-type-simple"},"_links":{"self":[{"href":"https:\/\/flexoshopping.com.br\/loja\/wp-json\/wp\/v2\/product\/8880","targetHints":{"allow":["GET"]}}],"collection":[{"href":"https:\/\/flexoshopping.com.br\/loja\/wp-json\/wp\/v2\/product"}],"about":[{"href":"https:\/\/flexoshopping.com.br\/loja\/wp-json\/wp\/v2\/types\/product"}],"wp:featuredmedia":[{"embeddable":true,"href":"https:\/\/flexoshopping.com.br\/loja\/wp-json\/wp\/v2\/media\/8883"}],"wp:attachment":[{"href":"https:\/\/flexoshopping.com.br\/loja\/wp-json\/wp\/v2\/media?parent=8880"}],"wp:term":[{"taxonomy":"product_brand","embeddable":true,"href":"https:\/\/flexoshopping.com.br\/loja\/wp-json\/wp\/v2\/product_brand?post=8880"},{"taxonomy":"product_cat","embeddable":true,"href":"https:\/\/flexoshopping.com.br\/loja\/wp-json\/wp\/v2\/product_cat?post=8880"},{"taxonomy":"product_tag","embeddable":true,"href":"https:\/\/flexoshopping.com.br\/loja\/wp-json\/wp\/v2\/product_tag?post=8880"}],"curies":[{"name":"wp","href":"https:\/\/api.w.org\/{rel}","templated":true}]}}