{"id":8884,"date":"2025-04-08T12:03:21","date_gmt":"2025-04-08T15:03:21","guid":{"rendered":"https:\/\/flexoshopping.com.br\/loja\/?post_type=product&#038;p=8884"},"modified":"2025-04-08T12:04:53","modified_gmt":"2025-04-08T15:04:53","slug":"esponja-para-limpeza-de-anilox","status":"publish","type":"product","link":"https:\/\/flexoshopping.com.br\/loja\/product\/esponja-para-limpeza-de-anilox\/","title":{"rendered":"Esponja Para Limpeza De Anilox"},"content":{"rendered":"<p>Esponja especial para fazer aplica\u00e7\u00e3o de limpador de anilox no m\u00e9todo manual.<br \/>\nA espoja ajuda a espalhar, limpar sem agredir o anilox<\/p>\n","protected":false},"excerpt":{"rendered":"<p>A espoja ajuda a espalhar, limpar sem agredir o anilox<\/p>\n","protected":false},"featured_media":8885,"template":"","meta":[],"product_brand":[],"product_cat":[15],"product_tag":[],"class_list":{"0":"post-8884","1":"product","2":"type-product","3":"status-publish","4":"has-post-thumbnail","6":"product_cat-consumo","8":"first","9":"instock","10":"shipping-taxable","11":"purchasable","12":"product-type-simple"},"_links":{"self":[{"href":"https:\/\/flexoshopping.com.br\/loja\/wp-json\/wp\/v2\/product\/8884","targetHints":{"allow":["GET"]}}],"collection":[{"href":"https:\/\/flexoshopping.com.br\/loja\/wp-json\/wp\/v2\/product"}],"about":[{"href":"https:\/\/flexoshopping.com.br\/loja\/wp-json\/wp\/v2\/types\/product"}],"wp:featuredmedia":[{"embeddable":true,"href":"https:\/\/flexoshopping.com.br\/loja\/wp-json\/wp\/v2\/media\/8885"}],"wp:attachment":[{"href":"https:\/\/flexoshopping.com.br\/loja\/wp-json\/wp\/v2\/media?parent=8884"}],"wp:term":[{"taxonomy":"product_brand","embeddable":true,"href":"https:\/\/flexoshopping.com.br\/loja\/wp-json\/wp\/v2\/product_brand?post=8884"},{"taxonomy":"product_cat","embeddable":true,"href":"https:\/\/flexoshopping.com.br\/loja\/wp-json\/wp\/v2\/product_cat?post=8884"},{"taxonomy":"product_tag","embeddable":true,"href":"https:\/\/flexoshopping.com.br\/loja\/wp-json\/wp\/v2\/product_tag?post=8884"}],"curies":[{"name":"wp","href":"https:\/\/api.w.org\/{rel}","templated":true}]}}