{"id":8886,"date":"2025-04-08T12:06:26","date_gmt":"2025-04-08T15:06:26","guid":{"rendered":"https:\/\/flexoshopping.com.br\/loja\/?post_type=product&#038;p=8886"},"modified":"2025-04-08T12:12:56","modified_gmt":"2025-04-08T15:12:56","slug":"lupa-conta-fios-10x-metal-escala-bolsa-em-couro-led","status":"publish","type":"product","link":"https:\/\/flexoshopping.com.br\/loja\/product\/lupa-conta-fios-10x-metal-escala-bolsa-em-couro-led\/","title":{"rendered":"Lupa Conta-fios 10x Metal\/Escala\/ Bolsa Em Couro\/Led"},"content":{"rendered":"<p>Esse \u00e9 o tradicional conta-fios, com estrutura em metal, leds branco (vai com baterias) e escalas em mil\u00edmetros e polegadas. Tamb\u00e9m \u00e9 dobr\u00e1vel para poder guardar ou transportar no bolso. Acompanha bolsa de couri\u00e7a.<\/p>\n<p><strong>Especifica\u00e7\u00f5es:<\/strong><br \/>\nBateria: 3x LR927 (inclu\u00eddo)<br \/>\nMaterial: metal e vidro<br \/>\nTamanho: 55*33*22mm<br \/>\nCor: preto<\/p>\n<p><strong>Aplica\u00e7\u00f5es:<\/strong><br \/>\n&#8211; an\u00e1lise cir\u00fargica<br \/>\n&#8211; Inspe\u00e7\u00e3o de j\u00f3ias, moedas, selos, moeda, antiguidades etc<br \/>\n&#8211; Pe\u00e7as de m\u00e1quinas, mini circuito, verifica\u00e7\u00e3o de PCB<br \/>\n&#8211; Impress\u00e3o, verifica\u00e7\u00e3o da qualidade do papel<br \/>\n&#8211; Insetos e doen\u00e7as nas plantas<br \/>\n&#8211; Manuten\u00e7\u00e3o de jardinagem, hidroponia.<br \/>\n&#8211; Auxiliar de baixa vis\u00e3o<br \/>\n&#8211; Repara\u00e7\u00e3o de rel\u00f3gios<br \/>\n&#8211; Brinde<\/p>\n","protected":false},"excerpt":{"rendered":"<p>Conta-fios, com estrutura em metal e ilumina\u00e7\u00e3o LED<\/p>\n","protected":false},"featured_media":8888,"template":"","meta":[],"product_brand":[],"product_cat":[121],"product_tag":[],"class_list":{"0":"post-8886","1":"product","2":"type-product","3":"status-publish","4":"has-post-thumbnail","6":"product_cat-instrumentos","8":"first","9":"instock","10":"sale","11":"shipping-taxable","12":"purchasable","13":"product-type-simple"},"_links":{"self":[{"href":"https:\/\/flexoshopping.com.br\/loja\/wp-json\/wp\/v2\/product\/8886","targetHints":{"allow":["GET"]}}],"collection":[{"href":"https:\/\/flexoshopping.com.br\/loja\/wp-json\/wp\/v2\/product"}],"about":[{"href":"https:\/\/flexoshopping.com.br\/loja\/wp-json\/wp\/v2\/types\/product"}],"wp:featuredmedia":[{"embeddable":true,"href":"https:\/\/flexoshopping.com.br\/loja\/wp-json\/wp\/v2\/media\/8888"}],"wp:attachment":[{"href":"https:\/\/flexoshopping.com.br\/loja\/wp-json\/wp\/v2\/media?parent=8886"}],"wp:term":[{"taxonomy":"product_brand","embeddable":true,"href":"https:\/\/flexoshopping.com.br\/loja\/wp-json\/wp\/v2\/product_brand?post=8886"},{"taxonomy":"product_cat","embeddable":true,"href":"https:\/\/flexoshopping.com.br\/loja\/wp-json\/wp\/v2\/product_cat?post=8886"},{"taxonomy":"product_tag","embeddable":true,"href":"https:\/\/flexoshopping.com.br\/loja\/wp-json\/wp\/v2\/product_tag?post=8886"}],"curies":[{"name":"wp","href":"https:\/\/api.w.org\/{rel}","templated":true}]}}