{"id":8890,"date":"2025-04-08T12:22:58","date_gmt":"2025-04-08T15:22:58","guid":{"rendered":"https:\/\/flexoshopping.com.br\/loja\/?post_type=product&#038;p=8890"},"modified":"2025-04-09T12:26:00","modified_gmt":"2025-04-09T15:26:00","slug":"colher-de-chifre-com-espatula","status":"publish","type":"product","link":"https:\/\/flexoshopping.com.br\/loja\/product\/colher-de-chifre-com-espatula\/","title":{"rendered":"Colher de chifre com esp\u00e1tula"},"content":{"rendered":"<p><strong>Caracter\u00edsticas:<\/strong><br \/>\n-Concha medicinal com esp\u00e1tula<br \/>\n-Melhor usado para farm\u00e1cia de experimentos qu\u00edmicos<\/p>\n<p><strong>Material:<\/strong> A\u00e7o inoxid\u00e1vel<br \/>\n<strong>Cor:<\/strong> prata<br \/>\n<strong>Comprimento:<\/strong> 200mm<\/p>\n<p>Pacote inclu\u00eddo:\u00a01x colher<\/p>\n","protected":false},"excerpt":{"rendered":"<p>Colher de chifre com esp\u00e1tula, suprimentos de laborat\u00f3rio, concha medicinal, ferramentas dom\u00e9sticas \u00fateis de comprimento de 200mm, materiais de laborat\u00f3rio para ensino<\/p>\n","protected":false},"featured_media":8893,"template":"","meta":[],"product_brand":[],"product_cat":[121],"product_tag":[],"class_list":{"0":"post-8890","1":"product","2":"type-product","3":"status-publish","4":"has-post-thumbnail","6":"product_cat-instrumentos","8":"first","9":"instock","10":"featured","11":"shipping-taxable","12":"purchasable","13":"product-type-simple"},"_links":{"self":[{"href":"https:\/\/flexoshopping.com.br\/loja\/wp-json\/wp\/v2\/product\/8890","targetHints":{"allow":["GET"]}}],"collection":[{"href":"https:\/\/flexoshopping.com.br\/loja\/wp-json\/wp\/v2\/product"}],"about":[{"href":"https:\/\/flexoshopping.com.br\/loja\/wp-json\/wp\/v2\/types\/product"}],"wp:featuredmedia":[{"embeddable":true,"href":"https:\/\/flexoshopping.com.br\/loja\/wp-json\/wp\/v2\/media\/8893"}],"wp:attachment":[{"href":"https:\/\/flexoshopping.com.br\/loja\/wp-json\/wp\/v2\/media?parent=8890"}],"wp:term":[{"taxonomy":"product_brand","embeddable":true,"href":"https:\/\/flexoshopping.com.br\/loja\/wp-json\/wp\/v2\/product_brand?post=8890"},{"taxonomy":"product_cat","embeddable":true,"href":"https:\/\/flexoshopping.com.br\/loja\/wp-json\/wp\/v2\/product_cat?post=8890"},{"taxonomy":"product_tag","embeddable":true,"href":"https:\/\/flexoshopping.com.br\/loja\/wp-json\/wp\/v2\/product_tag?post=8890"}],"curies":[{"name":"wp","href":"https:\/\/api.w.org\/{rel}","templated":true}]}}