{"id":8894,"date":"2025-04-08T12:28:40","date_gmt":"2025-04-08T15:28:40","guid":{"rendered":"https:\/\/flexoshopping.com.br\/loja\/?post_type=product&#038;p=8894"},"modified":"2025-04-08T12:31:52","modified_gmt":"2025-04-08T15:31:52","slug":"limpador-de-anilox-liquido","status":"publish","type":"product","link":"https:\/\/flexoshopping.com.br\/loja\/product\/limpador-de-anilox-liquido\/","title":{"rendered":"Limpador De Anilox L\u00edquido"},"content":{"rendered":"<p>O limpador de anilox, ANILOX LIMPO \u00e9 o muito eficaz na limpeza das c\u00e9lulas do anilox.<br \/>\nN\u00e3o precisa acreditar em n\u00f3s! Fa\u00e7a o teste voc\u00ea mesmo:<\/p>\n<ul>\n<li>Divida um anilox sujo em duas ou mais partes com fita crepe.<\/li>\n<li>Aplique o produto concorrente numa das partes e em outra parte o ANILOX LIMPO.<\/li>\n<li>Siga as instru\u00e7\u00f5es de cada um.<\/li>\n<li>Lave o anilox e fa\u00e7a a compara\u00e7\u00e3o: ANILOX LIMPA com um custo benef\u00edcio excelente<\/li>\n<\/ul>\n<p><img loading=\"lazy\" decoding=\"async\" class=\"alignleft wp-image-8842 size-full\" src=\"https:\/\/flexoshopping.com.br\/loja\/wp-content\/uploads\/2025\/04\/44.gif\" alt=\"\" width=\"960\" height=\"365\" \/><\/p>\n","protected":false},"excerpt":{"rendered":"<p>Excelente limpador de anilox diferente de tudo que voc\u00ea j\u00e1 viu. Rende muito mais e tem alta efici\u00eancia na limpeza, mesmo para limpeza profunda. Super econ\u00f4mico.<\/p>\n","protected":false},"featured_media":8895,"template":"","meta":[],"product_brand":[],"product_cat":[15],"product_tag":[],"class_list":{"0":"post-8894","1":"product","2":"type-product","3":"status-publish","4":"has-post-thumbnail","6":"product_cat-consumo","8":"first","9":"instock","10":"shipping-taxable","11":"purchasable","12":"product-type-simple"},"_links":{"self":[{"href":"https:\/\/flexoshopping.com.br\/loja\/wp-json\/wp\/v2\/product\/8894","targetHints":{"allow":["GET"]}}],"collection":[{"href":"https:\/\/flexoshopping.com.br\/loja\/wp-json\/wp\/v2\/product"}],"about":[{"href":"https:\/\/flexoshopping.com.br\/loja\/wp-json\/wp\/v2\/types\/product"}],"wp:featuredmedia":[{"embeddable":true,"href":"https:\/\/flexoshopping.com.br\/loja\/wp-json\/wp\/v2\/media\/8895"}],"wp:attachment":[{"href":"https:\/\/flexoshopping.com.br\/loja\/wp-json\/wp\/v2\/media?parent=8894"}],"wp:term":[{"taxonomy":"product_brand","embeddable":true,"href":"https:\/\/flexoshopping.com.br\/loja\/wp-json\/wp\/v2\/product_brand?post=8894"},{"taxonomy":"product_cat","embeddable":true,"href":"https:\/\/flexoshopping.com.br\/loja\/wp-json\/wp\/v2\/product_cat?post=8894"},{"taxonomy":"product_tag","embeddable":true,"href":"https:\/\/flexoshopping.com.br\/loja\/wp-json\/wp\/v2\/product_tag?post=8894"}],"curies":[{"name":"wp","href":"https:\/\/api.w.org\/{rel}","templated":true}]}}