{"id":8896,"date":"2025-04-08T12:33:17","date_gmt":"2025-04-08T15:33:17","guid":{"rendered":"https:\/\/flexoshopping.com.br\/loja\/?post_type=product&#038;p=8896"},"modified":"2025-04-09T12:25:55","modified_gmt":"2025-04-09T15:25:55","slug":"extensor-de-10-micras-com-suporte","status":"publish","type":"product","link":"https:\/\/flexoshopping.com.br\/loja\/product\/extensor-de-10-micras-com-suporte\/","title":{"rendered":"Extensor de 10 micras com suporte"},"content":{"rendered":"<p>Extensor de 10 micras com suporte para realiza\u00e7\u00e3o de provas com tintas e vernizes.<br \/>\nInstrumento de laborat\u00f3rio fundamental para aprova\u00e7\u00e3o de materiais impressos .<\/p>\n","protected":false},"excerpt":{"rendered":"<p>Extensor de 10 micras, fundamental para a aprova\u00e7\u00e3o e verifica\u00e7\u00e3o de materiais impressos em roto ou flexo.<\/p>\n","protected":false},"featured_media":8897,"template":"","meta":[],"product_brand":[],"product_cat":[121],"product_tag":[],"class_list":{"0":"post-8896","1":"product","2":"type-product","3":"status-publish","4":"has-post-thumbnail","6":"product_cat-instrumentos","8":"first","9":"instock","10":"featured","11":"shipping-taxable","12":"purchasable","13":"product-type-simple"},"_links":{"self":[{"href":"https:\/\/flexoshopping.com.br\/loja\/wp-json\/wp\/v2\/product\/8896","targetHints":{"allow":["GET"]}}],"collection":[{"href":"https:\/\/flexoshopping.com.br\/loja\/wp-json\/wp\/v2\/product"}],"about":[{"href":"https:\/\/flexoshopping.com.br\/loja\/wp-json\/wp\/v2\/types\/product"}],"wp:featuredmedia":[{"embeddable":true,"href":"https:\/\/flexoshopping.com.br\/loja\/wp-json\/wp\/v2\/media\/8897"}],"wp:attachment":[{"href":"https:\/\/flexoshopping.com.br\/loja\/wp-json\/wp\/v2\/media?parent=8896"}],"wp:term":[{"taxonomy":"product_brand","embeddable":true,"href":"https:\/\/flexoshopping.com.br\/loja\/wp-json\/wp\/v2\/product_brand?post=8896"},{"taxonomy":"product_cat","embeddable":true,"href":"https:\/\/flexoshopping.com.br\/loja\/wp-json\/wp\/v2\/product_cat?post=8896"},{"taxonomy":"product_tag","embeddable":true,"href":"https:\/\/flexoshopping.com.br\/loja\/wp-json\/wp\/v2\/product_tag?post=8896"}],"curies":[{"name":"wp","href":"https:\/\/api.w.org\/{rel}","templated":true}]}}