{"id":8898,"date":"2025-04-08T12:38:14","date_gmt":"2025-04-08T15:38:14","guid":{"rendered":"https:\/\/flexoshopping.com.br\/loja\/?post_type=product&#038;p=8898"},"modified":"2025-04-08T12:41:51","modified_gmt":"2025-04-08T15:41:51","slug":"estroboscopio-para-inspecao-flexografia","status":"publish","type":"product","link":"https:\/\/flexoshopping.com.br\/loja\/product\/estroboscopio-para-inspecao-flexografia\/","title":{"rendered":"Estrobosc\u00f3pio Para Inspe\u00e7\u00e3o FLEXOGRAFIA"},"content":{"rendered":"<p>Este Estrobosc\u00f3pio \u00e9 pequeno em tamanho, leve, f\u00e1cil de transportar. Embora complexo e avan\u00e7ado, \u00e9 conveniente usar e operar. Sua robustez permitir\u00e1 muitos anos de uso se as t\u00e9cnicas operacionais adequadas forem seguidas.<\/p>\n<p>A LUZ N\u00c3O AGRIDE OS OLHOS como em outros modelos.<br \/>\nO melhor custo x benef\u00edcio do mercado! Com display de10mm (0,4\u201d) LCD<\/p>\n<p>\u2022 Par\u00e2metros de medida: FPM (Flashes Por Minuto)<br \/>\n\u2022 Range (Faixa de trabalho): 50 ~ 12.000 FPM<br \/>\n\u2022 Resolu\u00e7\u00e3o: 0,1 FPM (50 ~ 999,9 FPM) \u2013 1 FPM (acima de 1.000 FPM)<br \/>\n\u2022 Acuracidade: +\/- (0,05% n+1d)<br \/>\n\u2022 Tempo de amostragem: 0.3 segundos<br \/>\n\u2022 Conversor Interno\/Externo<br \/>\n\u2022 Sa\u00edda EXT (3) para sincroniza\u00e7\u00e3o com a m\u00e1quina: 3 \u2013 24 V<\/p>\n","protected":false},"excerpt":{"rendered":"<p>O Estrobosc\u00f3pio \u00e9 o aparato mais utilizado para inspe\u00e7\u00e3o de impressos em embalagens flex\u00edveis, r\u00f3tulos e etiquetas. Pode ser usado na impressora ou na revisora. Com sua luz intermitente, ele \u201ccongela\u201d a imagem, mesmo em altas velocidades como 300, 400 ou 500 metros\/minuto.<\/p>\n","protected":false},"featured_media":8899,"template":"","meta":[],"product_brand":[],"product_cat":[121],"product_tag":[],"class_list":{"0":"post-8898","1":"product","2":"type-product","3":"status-publish","4":"has-post-thumbnail","6":"product_cat-instrumentos","8":"first","9":"instock","10":"shipping-taxable","11":"purchasable","12":"product-type-simple"},"_links":{"self":[{"href":"https:\/\/flexoshopping.com.br\/loja\/wp-json\/wp\/v2\/product\/8898","targetHints":{"allow":["GET"]}}],"collection":[{"href":"https:\/\/flexoshopping.com.br\/loja\/wp-json\/wp\/v2\/product"}],"about":[{"href":"https:\/\/flexoshopping.com.br\/loja\/wp-json\/wp\/v2\/types\/product"}],"wp:featuredmedia":[{"embeddable":true,"href":"https:\/\/flexoshopping.com.br\/loja\/wp-json\/wp\/v2\/media\/8899"}],"wp:attachment":[{"href":"https:\/\/flexoshopping.com.br\/loja\/wp-json\/wp\/v2\/media?parent=8898"}],"wp:term":[{"taxonomy":"product_brand","embeddable":true,"href":"https:\/\/flexoshopping.com.br\/loja\/wp-json\/wp\/v2\/product_brand?post=8898"},{"taxonomy":"product_cat","embeddable":true,"href":"https:\/\/flexoshopping.com.br\/loja\/wp-json\/wp\/v2\/product_cat?post=8898"},{"taxonomy":"product_tag","embeddable":true,"href":"https:\/\/flexoshopping.com.br\/loja\/wp-json\/wp\/v2\/product_tag?post=8898"}],"curies":[{"name":"wp","href":"https:\/\/api.w.org\/{rel}","templated":true}]}}