{"id":8903,"date":"2025-04-08T12:43:22","date_gmt":"2025-04-08T15:43:22","guid":{"rendered":"https:\/\/flexoshopping.com.br\/loja\/?post_type=product&#038;p=8903"},"modified":"2025-04-09T11:39:10","modified_gmt":"2025-04-09T14:39:10","slug":"estroboscopio-para-inspecao-flexografia-copia","status":"publish","type":"product","link":"https:\/\/flexoshopping.com.br\/loja\/product\/estroboscopio-para-inspecao-flexografia-copia\/","title":{"rendered":"Papel DrawDown tipo Leneta"},"content":{"rendered":"<p>Dispon\u00edveis em sete tipos diferentes de papel, essas folhas fornecem uma variedade de substratos para testar as qualidades da tinta. Eles tamb\u00e9m s\u00e3o \u00fateis para testar outros revestimentos devido \u00e0 sua variedade de absor\u00e7\u00e3o e textura.<\/p>\n<p>Os pesos, densidades e calibres indicados s\u00e3o nominais e\/ou aproximados.<\/p>\n<p>Tamanho da folha: 5 x 7-5\/8 pol. (127 x 194 mm)<br \/>\nTinta: Preto azeviche. Sem sangramento<\/p>\n<p>Venda m\u00ednima 100 un<\/p>\n","protected":false},"excerpt":{"rendered":"<p>Dispon\u00edveis em sete tipos diferentes de papel, essas folhas fornecem uma variedade de substratos para testar as qualidades da tinta<\/p>\n","protected":false},"featured_media":8906,"template":"","meta":[],"product_brand":[],"product_cat":[15],"product_tag":[],"class_list":{"0":"post-8903","1":"product","2":"type-product","3":"status-publish","4":"has-post-thumbnail","6":"product_cat-consumo","8":"first","9":"instock","10":"shipping-taxable","11":"purchasable","12":"product-type-simple"},"_links":{"self":[{"href":"https:\/\/flexoshopping.com.br\/loja\/wp-json\/wp\/v2\/product\/8903","targetHints":{"allow":["GET"]}}],"collection":[{"href":"https:\/\/flexoshopping.com.br\/loja\/wp-json\/wp\/v2\/product"}],"about":[{"href":"https:\/\/flexoshopping.com.br\/loja\/wp-json\/wp\/v2\/types\/product"}],"wp:featuredmedia":[{"embeddable":true,"href":"https:\/\/flexoshopping.com.br\/loja\/wp-json\/wp\/v2\/media\/8906"}],"wp:attachment":[{"href":"https:\/\/flexoshopping.com.br\/loja\/wp-json\/wp\/v2\/media?parent=8903"}],"wp:term":[{"taxonomy":"product_brand","embeddable":true,"href":"https:\/\/flexoshopping.com.br\/loja\/wp-json\/wp\/v2\/product_brand?post=8903"},{"taxonomy":"product_cat","embeddable":true,"href":"https:\/\/flexoshopping.com.br\/loja\/wp-json\/wp\/v2\/product_cat?post=8903"},{"taxonomy":"product_tag","embeddable":true,"href":"https:\/\/flexoshopping.com.br\/loja\/wp-json\/wp\/v2\/product_tag?post=8903"}],"curies":[{"name":"wp","href":"https:\/\/api.w.org\/{rel}","templated":true}]}}