{"id":8910,"date":"2025-04-09T11:39:51","date_gmt":"2025-04-09T14:39:51","guid":{"rendered":"https:\/\/flexoshopping.com.br\/loja\/?post_type=product&#038;p=8910"},"modified":"2025-04-09T11:41:36","modified_gmt":"2025-04-09T14:41:36","slug":"pasta-gearless","status":"publish","type":"product","link":"https:\/\/flexoshopping.com.br\/loja\/product\/pasta-gearless\/","title":{"rendered":"Pasta Gearless"},"content":{"rendered":"<p>A Pasta Gearless veio para ajudar voc\u00ea a reduzir\/eliminar as marcas de engrenagem (costelas ou batidas) que s\u00e3o comuns nas impressoras de flexo para r\u00f3tulos e etiquetas.<\/p>\n","protected":false},"excerpt":{"rendered":"<p>Com formula\u00e7\u00e3o exclusiva o produto \u00e9 importado e \u00e9 muito pr\u00e1tico para combater esse terr\u00edvel problema de impress\u00e3o flexo.<\/p>\n","protected":false},"featured_media":8911,"template":"","meta":[],"product_brand":[],"product_cat":[15],"product_tag":[],"class_list":{"0":"post-8910","1":"product","2":"type-product","3":"status-publish","4":"has-post-thumbnail","6":"product_cat-consumo","8":"first","9":"instock","10":"shipping-taxable","11":"purchasable","12":"product-type-simple"},"_links":{"self":[{"href":"https:\/\/flexoshopping.com.br\/loja\/wp-json\/wp\/v2\/product\/8910","targetHints":{"allow":["GET"]}}],"collection":[{"href":"https:\/\/flexoshopping.com.br\/loja\/wp-json\/wp\/v2\/product"}],"about":[{"href":"https:\/\/flexoshopping.com.br\/loja\/wp-json\/wp\/v2\/types\/product"}],"wp:featuredmedia":[{"embeddable":true,"href":"https:\/\/flexoshopping.com.br\/loja\/wp-json\/wp\/v2\/media\/8911"}],"wp:attachment":[{"href":"https:\/\/flexoshopping.com.br\/loja\/wp-json\/wp\/v2\/media?parent=8910"}],"wp:term":[{"taxonomy":"product_brand","embeddable":true,"href":"https:\/\/flexoshopping.com.br\/loja\/wp-json\/wp\/v2\/product_brand?post=8910"},{"taxonomy":"product_cat","embeddable":true,"href":"https:\/\/flexoshopping.com.br\/loja\/wp-json\/wp\/v2\/product_cat?post=8910"},{"taxonomy":"product_tag","embeddable":true,"href":"https:\/\/flexoshopping.com.br\/loja\/wp-json\/wp\/v2\/product_tag?post=8910"}],"curies":[{"name":"wp","href":"https:\/\/api.w.org\/{rel}","templated":true}]}}