{"id":8932,"date":"2025-04-09T12:46:54","date_gmt":"2025-04-09T15:46:54","guid":{"rendered":"https:\/\/flexoshopping.com.br\/loja\/?post_type=product&#038;p=8932"},"modified":"2025-04-09T12:52:05","modified_gmt":"2025-04-09T15:52:05","slug":"a-historia-da-flexografia","status":"publish","type":"product","link":"https:\/\/flexoshopping.com.br\/loja\/product\/a-historia-da-flexografia\/","title":{"rendered":"A Hist\u00f3ria da Flexografia"},"content":{"rendered":"<p>Livro: A Hist\u00f3ria da Flexografia<\/p>\n","protected":false},"excerpt":{"rendered":"<p>A incr\u00edvel hist\u00f3ria do processo de impress\u00e3o mais utilizado em todo o mundo.<\/p>\n","protected":false},"featured_media":8933,"template":"","meta":[],"product_brand":[],"product_cat":[122],"product_tag":[],"class_list":{"0":"post-8932","1":"product","2":"type-product","3":"status-publish","4":"has-post-thumbnail","6":"product_cat-publicacoes","8":"first","9":"instock","10":"shipping-taxable","11":"purchasable","12":"product-type-simple"},"_links":{"self":[{"href":"https:\/\/flexoshopping.com.br\/loja\/wp-json\/wp\/v2\/product\/8932","targetHints":{"allow":["GET"]}}],"collection":[{"href":"https:\/\/flexoshopping.com.br\/loja\/wp-json\/wp\/v2\/product"}],"about":[{"href":"https:\/\/flexoshopping.com.br\/loja\/wp-json\/wp\/v2\/types\/product"}],"wp:featuredmedia":[{"embeddable":true,"href":"https:\/\/flexoshopping.com.br\/loja\/wp-json\/wp\/v2\/media\/8933"}],"wp:attachment":[{"href":"https:\/\/flexoshopping.com.br\/loja\/wp-json\/wp\/v2\/media?parent=8932"}],"wp:term":[{"taxonomy":"product_brand","embeddable":true,"href":"https:\/\/flexoshopping.com.br\/loja\/wp-json\/wp\/v2\/product_brand?post=8932"},{"taxonomy":"product_cat","embeddable":true,"href":"https:\/\/flexoshopping.com.br\/loja\/wp-json\/wp\/v2\/product_cat?post=8932"},{"taxonomy":"product_tag","embeddable":true,"href":"https:\/\/flexoshopping.com.br\/loja\/wp-json\/wp\/v2\/product_tag?post=8932"}],"curies":[{"name":"wp","href":"https:\/\/api.w.org\/{rel}","templated":true}]}}